{"id":891,"date":"2022-11-30T17:01:51","date_gmt":"2022-11-30T15:01:51","guid":{"rendered":"https:\/\/gdpr.m2bc.de\/?page_id=891"},"modified":"2022-12-14T15:02:37","modified_gmt":"2022-12-14T13:02:37","slug":"impressum","status":"publish","type":"page","link":"https:\/\/gdpr.m2bc.de\/en\/impressum\/","title":{"rendered":"Impressum"},"content":{"rendered":"[vc_row type=&#8221;full_width_background&#8221; full_screen_row_position=&#8221;middle&#8221; column_margin=&#8221;default&#8221; column_direction=&#8221;default&#8221; column_direction_tablet=&#8221;default&#8221; column_direction_phone=&#8221;default&#8221; scene_position=&#8221;center&#8221; top_padding=&#8221;65&#8243; bottom_padding=&#8221;30&#8243; text_color=&#8221;dark&#8221; text_align=&#8221;left&#8221; row_border_radius=&#8221;none&#8221; row_border_radius_applies=&#8221;bg&#8221; overflow=&#8221;visible&#8221; advanced_gradient_angle=&#8221;0&#8243; overlay_strength=&#8221;0.3&#8243; gradient_direction=&#8221;left_to_right&#8221; shape_divider_position=&#8221;bottom&#8221; bg_image_animation=&#8221;none&#8221; gradient_type=&#8221;default&#8221; shape_type=&#8221;triangle&#8221;][vc_column column_padding=&#8221;no-extra-padding&#8221; column_padding_tablet=&#8221;inherit&#8221; column_padding_phone=&#8221;inherit&#8221; column_padding_position=&#8221;all&#8221; bottom_margin=&#8221;65&#8243; column_element_spacing=&#8221;default&#8221; background_color_opacity=&#8221;1&#8243; background_hover_color_opacity=&#8221;1&#8243; column_shadow=&#8221;none&#8221; column_border_radius=&#8221;none&#8221; column_link_target=&#8221;_self&#8221; column_position=&#8221;default&#8221; advanced_gradient_angle=&#8221;0&#8243; gradient_direction=&#8221;left_to_right&#8221; overlay_strength=&#8221;0.3&#8243; width=&#8221;1\/4&#8243; tablet_width_inherit=&#8221;default&#8221; tablet_text_alignment=&#8221;default&#8221; phone_text_alignment=&#8221;default&#8221; animation_type=&#8221;default&#8221; bg_image_animation=&#8221;none&#8221; border_type=&#8221;simple&#8221; column_border_width=&#8221;none&#8221; column_border_style=&#8221;solid&#8221; gradient_type=&#8221;default&#8221;][\/vc_column][vc_column column_padding=&#8221;no-extra-padding&#8221; column_padding_tablet=&#8221;inherit&#8221; column_padding_phone=&#8221;inherit&#8221; column_padding_position=&#8221;all&#8221; column_element_spacing=&#8221;default&#8221; background_color_opacity=&#8221;1&#8243; background_hover_color_opacity=&#8221;1&#8243; column_shadow=&#8221;none&#8221; column_border_radius=&#8221;none&#8221; column_link_target=&#8221;_self&#8221; column_position=&#8221;default&#8221; gradient_direction=&#8221;left_to_right&#8221; overlay_strength=&#8221;0.3&#8243; width=&#8221;1\/2&#8243; tablet_width_inherit=&#8221;default&#8221; tablet_text_alignment=&#8221;default&#8221; phone_text_alignment=&#8221;default&#8221; animation_type=&#8221;default&#8221; bg_image_animation=&#8221;none&#8221; border_type=&#8221;simple&#8221; column_border_width=&#8221;none&#8221; column_border_style=&#8221;solid&#8221;][vc_column_text]\n<div class=\"wpb_text_column wpb_content_element vc_custom_1627494991167\">\n<div class=\"wpb_wrapper\">\n<h2>Impressum<\/h2>\n<\/div>\n<\/div>\n<div class=\"wpb_text_column wpb_content_element \">\n<div class=\"wpb_wrapper\">\n<h5>Angaben gem\u00e4\u00df \u00a7 5 TMG:<\/h5>\n<p>M\u00b2 Business Consulting GmbH<br \/>\nPater-Rupert-Mayer-Strasse 35<br \/>\n82049 Pullach i. Isartal<\/p>\n<h5>Vertreten durch:<\/h5>\n<p>Stephan M\u00fcller<br \/>\nManfred M\u00fcller<\/p>\n<h5>Kontakt:<\/h5>\n<p>Telefon: +49 (0) 89 780 670 50<br \/>\nTelefax: +49 (0) 89 780 670 46<br \/>\nE-Mail: info@m2bc.de<\/p>\n<h5>Verantwortlicher gem\u00e4\u00df \u00a7 55 Abs. 2 RStV:<\/h5>\n<p>Stephan M\u00fcller<br \/>\nM\u00b2 Business Consulting GmbH<br \/>\nPater-Rupert-Mayer-Strasse 35<br \/>\n82049 Pullach i. Isartal<\/p>\n<h5>Registereintrag:<\/h5>\n<p>Eintragung im Handelsregister<br \/>\nRegistergericht: Amtsgericht M\u00fcnchen<br \/>\nRegisternummer: HRB 207144<\/p>\n<h5>Umsatzsteuer-ID:<\/h5>\n<p>Umsatzsteuer-Identifikationsnummer gem\u00e4\u00df \u00a727 a Umsatzsteuergesetz:<br \/>\nDE 291416204<\/p>\n<h5>Quellenangaben f\u00fcr die verwendeten Bilder und Grafiken:<\/h5>\n<p>\u00a9 [davis] \u2013 Fotolia.com<br \/>\n\u00a9 2018 iStockphoto LP<br \/>\n\u00a9 Unsplash.com<br \/>\n\u00a9 Created by Jcomp \u2013 Freepik.com<br \/>\n\u00a9 Created by roseodionova \u2013 Freepik.com<\/p>\n<h5>Das Impressum gilt auch f\u00fcr folgende Social Media Profile:<\/h5>\n<p><a href=\"https:\/\/www.xing.com\/pages\/m2-businessconsulting\" target=\"_blank\" rel=\"noopener\">Xing<\/a><br \/>\n<a href=\"https:\/\/www.linkedin.com\/company\/m2-business-consulting-gmbh\" target=\"_blank\" rel=\"noopener\">LinkedIn<\/a><br \/>\n<a href=\"https:\/\/www.facebook.com\/m2businessconsulting\" target=\"_blank\" rel=\"noopener\">Facebook<\/a><br \/>\n<a href=\"https:\/\/www.youtube.com\/channel\/UCFvXtZwku38WJperrLyQ2MQ\" target=\"_blank\" rel=\"noopener\">Youtube<\/a><br \/>\n<a href=\"https:\/\/twitter.com\/M2BC_Munich\" target=\"_blank\" rel=\"noopener\">Twitter<\/a><br \/>\n<a href=\"https:\/\/tiktok.com\/@m2bc_munich\" target=\"_blank\" rel=\"noopener\">TikTok<\/a><\/p>\n<h5>Allgemeine Hinweise:<\/h5>\n<p>Es wurde alle Sorgfalt aufgewendet, die Richtigkeit und Vollst\u00e4ndigkeit der Angaben sicherzustellen. Die Informationen auf dieser Website werden st\u00e4ndig gepr\u00fcft und aktualisiert. Eventuelle Fehler sind dennoch nicht auszuschlie\u00dfen.<br \/>\nWeder der Provider noch die M\u00b2 Business Consulting GmbH \u00fcbernehmen die Haftung f\u00fcr die Inhalte oder die Garantie f\u00fcr Aktualit\u00e4t, Richtigkeit und Vollst\u00e4ndigkeit derjenigen Websites, auf die mittels Hyperlink verwiesen wird.<\/p>\n<\/div>\n<\/div>\n[\/vc_column_text][\/vc_column][vc_column column_padding=&#8221;no-extra-padding&#8221; column_padding_tablet=&#8221;inherit&#8221; column_padding_phone=&#8221;inherit&#8221; column_padding_position=&#8221;all&#8221; column_element_spacing=&#8221;default&#8221; background_color_opacity=&#8221;1&#8243; background_hover_color_opacity=&#8221;1&#8243; column_shadow=&#8221;none&#8221; column_border_radius=&#8221;none&#8221; column_link_target=&#8221;_self&#8221; column_position=&#8221;default&#8221; gradient_direction=&#8221;left_to_right&#8221; overlay_strength=&#8221;0.3&#8243; width=&#8221;1\/4&#8243; tablet_width_inherit=&#8221;default&#8221; tablet_text_alignment=&#8221;default&#8221; phone_text_alignment=&#8221;default&#8221; animation_type=&#8221;default&#8221; bg_image_animation=&#8221;none&#8221; border_type=&#8221;simple&#8221; column_border_width=&#8221;none&#8221; column_border_style=&#8221;solid&#8221;][\/vc_column][\/vc_row][vc_row type=&#8221;full_width_background&#8221; full_screen_row_position=&#8221;middle&#8221; column_margin=&#8221;default&#8221; column_direction=&#8221;default&#8221; column_direction_tablet=&#8221;default&#8221; column_direction_phone=&#8221;default&#8221; bg_color=&#8221;#f7f7f7&#8243; scene_position=&#8221;center&#8221; top_padding=&#8221;100&#8243; bottom_padding=&#8221;100&#8243; text_color=&#8221;dark&#8221; text_align=&#8221;left&#8221; row_border_radius=&#8221;none&#8221; row_border_radius_applies=&#8221;bg&#8221; overflow=&#8221;visible&#8221; disable_element=&#8221;yes&#8221; advanced_gradient_angle=&#8221;0&#8243; overlay_strength=&#8221;0.3&#8243; gradient_direction=&#8221;left_to_right&#8221; shape_divider_position=&#8221;bottom&#8221; bg_image_animation=&#8221;none&#8221; gradient_type=&#8221;default&#8221; shape_type=&#8221;&#8221;][vc_column column_padding=&#8221;no-extra-padding&#8221; column_padding_tablet=&#8221;inherit&#8221; column_padding_phone=&#8221;inherit&#8221; column_padding_position=&#8221;all&#8221; column_element_spacing=&#8221;default&#8221; background_color_opacity=&#8221;1&#8243; background_hover_color_opacity=&#8221;1&#8243; column_shadow=&#8221;none&#8221; column_border_radius=&#8221;none&#8221; column_link_target=&#8221;_self&#8221; column_position=&#8221;default&#8221; gradient_direction=&#8221;left_to_right&#8221; overlay_strength=&#8221;0.3&#8243; width=&#8221;2\/3&#8243; tablet_width_inherit=&#8221;default&#8221; tablet_text_alignment=&#8221;default&#8221; phone_text_alignment=&#8221;default&#8221; animation_type=&#8221;default&#8221; bg_image_animation=&#8221;none&#8221; border_type=&#8221;simple&#8221; column_border_width=&#8221;none&#8221; column_border_style=&#8221;solid&#8221;][vc_column_text]\n<h2>FAQ<\/h2>\n[\/vc_column_text][toggles style=&#8221;minimal&#8221;][toggle color=&#8221;Default&#8221; heading_tag=&#8221;default&#8221; title=&#8221;I already use a cookie plugin. Is that enough?&#8221;][vc_column_text]Lorem ipsum dolor sit amet, consectetur adipiscing elit. In eget bibendum libero. Etiam id velit at enim porttitor facilisis. Vivamus tincidunt lectus at risus pharetra ultrices. In tincidunt turpis at odio dapibus maximus.[\/vc_column_text][\/toggle][toggle color=&#8221;Default&#8221; heading_tag=&#8221;default&#8221; title=&#8221;I have lawyers doing this for me. Why do I need you?&#8221;][vc_column_text]Lorem ipsum dolor sit amet, consectetur adipiscing elit. In eget bibendum libero. Etiam id velit at enim porttitor facilisis. Vivamus tincidunt lectus at risus pharetra ultrices. In tincidunt turpis at odio dapibus maximus.[\/vc_column_text][\/toggle][toggle color=&#8221;Default&#8221; heading_tag=&#8221;default&#8221; title=&#8221;We use Facebook pixel on our websites. Haven&#8217;t Meta already done all legal requirements?&#8221;][vc_column_text]Lorem ipsum dolor sit amet, consectetur adipiscing elit. In eget bibendum libero. Etiam id velit at enim porttitor facilisis. Vivamus tincidunt lectus at risus pharetra ultrices. In tincidunt turpis at odio dapibus maximus.[\/vc_column_text][\/toggle][toggle color=&#8221;Default&#8221; heading_tag=&#8221;default&#8221; title=&#8221;How are you sure my marketing campaigns are 100% legal?&#8221;][vc_column_text]Lorem ipsum dolor sit amet, consectetur adipiscing elit. In eget bibendum libero. Etiam id velit at enim porttitor facilisis. Vivamus tincidunt lectus at risus pharetra ultrices. In tincidunt turpis at odio dapibus maximus.[\/vc_column_text][\/toggle][\/toggles][\/vc_column][vc_column column_padding=&#8221;no-extra-padding&#8221; column_padding_tablet=&#8221;inherit&#8221; column_padding_phone=&#8221;inherit&#8221; column_padding_position=&#8221;all&#8221; column_element_spacing=&#8221;default&#8221; background_color_opacity=&#8221;1&#8243; background_hover_color_opacity=&#8221;1&#8243; column_shadow=&#8221;none&#8221; column_border_radius=&#8221;none&#8221; column_link_target=&#8221;_self&#8221; column_position=&#8221;default&#8221; gradient_direction=&#8221;left_to_right&#8221; overlay_strength=&#8221;0.3&#8243; width=&#8221;1\/3&#8243; tablet_width_inherit=&#8221;default&#8221; tablet_text_alignment=&#8221;default&#8221; phone_text_alignment=&#8221;default&#8221; animation_type=&#8221;default&#8221; bg_image_animation=&#8221;none&#8221; border_type=&#8221;simple&#8221; column_border_width=&#8221;none&#8221; column_border_style=&#8221;solid&#8221;][\/vc_column][\/vc_row]\n","protected":false},"excerpt":{"rendered":"<p>[vc_row type=&#8221;full_width_background&#8221; full_screen_row_position=&#8221;middle&#8221; column_margin=&#8221;default&#8221; column_direction=&#8221;default&#8221; column_direction_tablet=&#8221;default&#8221; column_direction_phone=&#8221;default&#8221; scene_position=&#8221;center&#8221; top_padding=&#8221;65&#8243; bottom_padding=&#8221;30&#8243; text_color=&#8221;dark&#8221; text_align=&#8221;left&#8221; row_border_radius=&#8221;none&#8221; row_border_radius_applies=&#8221;bg&#8221; overflow=&#8221;visible&#8221; advanced_gradient_angle=&#8221;0&#8243; overlay_strength=&#8221;0.3&#8243; gradient_direction=&#8221;left_to_right&#8221; shape_divider_position=&#8221;bottom&#8221; bg_image_animation=&#8221;none&#8221; gradient_type=&#8221;default&#8221; shape_type=&#8221;triangle&#8221;][vc_column column_padding=&#8221;no-extra-padding&#8221; column_padding_tablet=&#8221;inherit&#8221; column_padding_phone=&#8221;inherit&#8221; column_padding_position=&#8221;all&#8221; bottom_margin=&#8221;65&#8243; column_element_spacing=&#8221;default&#8221; background_color_opacity=&#8221;1&#8243; background_hover_color_opacity=&#8221;1&#8243;&#8230;<\/p>\n","protected":false},"author":2,"featured_media":0,"parent":0,"menu_order":0,"comment_status":"closed","ping_status":"closed","template":"","meta":{"inline_featured_image":false,"footnotes":""},"class_list":["post-891","page","type-page","status-publish"],"_links":{"self":[{"href":"https:\/\/gdpr.m2bc.de\/en\/wp-json\/wp\/v2\/pages\/891","targetHints":{"allow":["GET"]}}],"collection":[{"href":"https:\/\/gdpr.m2bc.de\/en\/wp-json\/wp\/v2\/pages"}],"about":[{"href":"https:\/\/gdpr.m2bc.de\/en\/wp-json\/wp\/v2\/types\/page"}],"author":[{"embeddable":true,"href":"https:\/\/gdpr.m2bc.de\/en\/wp-json\/wp\/v2\/users\/2"}],"replies":[{"embeddable":true,"href":"https:\/\/gdpr.m2bc.de\/en\/wp-json\/wp\/v2\/comments?post=891"}],"version-history":[{"count":4,"href":"https:\/\/gdpr.m2bc.de\/en\/wp-json\/wp\/v2\/pages\/891\/revisions"}],"predecessor-version":[{"id":1124,"href":"https:\/\/gdpr.m2bc.de\/en\/wp-json\/wp\/v2\/pages\/891\/revisions\/1124"}],"wp:attachment":[{"href":"https:\/\/gdpr.m2bc.de\/en\/wp-json\/wp\/v2\/media?parent=891"}],"curies":[{"name":"wp","href":"https:\/\/api.w.org\/{rel}","templated":true}]}}